{"id":87,"date":"2025-11-04T23:55:34","date_gmt":"2025-11-04T22:55:34","guid":{"rendered":"https:\/\/www.chatmage.com\/?page_id=87"},"modified":"2025-11-15T18:04:49","modified_gmt":"2025-11-15T17:04:49","slug":"150-labyrinthes-avec-solutions-labyrinthes-pour-adultes-formes-variees-livre-de-jeux-pour-adultes","status":"publish","type":"page","link":"https:\/\/www.chatmage.com\/index.php\/livres\/150-labyrinthes-avec-solutions-labyrinthes-pour-adultes-formes-variees-livre-de-jeux-pour-adultes\/","title":{"rendered":"150 labyrinthes avec solutions : Labyrinthes pour adultes, Formes vari\u00e9es, Livre de jeux pour adultes"},"content":{"rendered":"<div class=\"wp-block-image\">\n<figure class=\"aligncenter size-large is-resized\"><img loading=\"lazy\" decoding=\"async\" width=\"796\" height=\"1024\" src=\"http:\/\/www.chatmage.com\/wp-content\/uploads\/2025\/11\/Depot-legal-Labyrinthes-Isabelle-Plantade-ChatMage-Recto-copie-796x1024.jpg\" alt=\"\" class=\"wp-image-89\" style=\"width:160px;height:auto\" srcset=\"https:\/\/www.chatmage.com\/wp-content\/uploads\/2025\/11\/Depot-legal-Labyrinthes-Isabelle-Plantade-ChatMage-Recto-copie-796x1024.jpg 796w, https:\/\/www.chatmage.com\/wp-content\/uploads\/2025\/11\/Depot-legal-Labyrinthes-Isabelle-Plantade-ChatMage-Recto-copie-233x300.jpg 233w, https:\/\/www.chatmage.com\/wp-content\/uploads\/2025\/11\/Depot-legal-Labyrinthes-Isabelle-Plantade-ChatMage-Recto-copie-768x987.jpg 768w, https:\/\/www.chatmage.com\/wp-content\/uploads\/2025\/11\/Depot-legal-Labyrinthes-Isabelle-Plantade-ChatMage-Recto-copie-1195x1536.jpg 1195w, https:\/\/www.chatmage.com\/wp-content\/uploads\/2025\/11\/Depot-legal-Labyrinthes-Isabelle-Plantade-ChatMage-Recto-copie-1593x2048.jpg 1593w, https:\/\/www.chatmage.com\/wp-content\/uploads\/2025\/11\/Depot-legal-Labyrinthes-Isabelle-Plantade-ChatMage-Recto-copie-300x386.jpg 300w, https:\/\/www.chatmage.com\/wp-content\/uploads\/2025\/11\/Depot-legal-Labyrinthes-Isabelle-Plantade-ChatMage-Recto-copie-850x1093.jpg 850w, https:\/\/www.chatmage.com\/wp-content\/uploads\/2025\/11\/Depot-legal-Labyrinthes-Isabelle-Plantade-ChatMage-Recto-copie-scaled.jpg 1991w\" sizes=\"auto, (max-width: 796px) 100vw, 796px\" \/><\/figure>\n<\/div>\n\n\n<p><\/p>\n\n\n\n<p>Amusez-vous \u00e0 vous perdre pendant des heures, hors du stress, des pens\u00e9es n\u00e9gatives, de l&rsquo;ennui et retrouvez le chemin du calme et de l&rsquo;amusement !<\/p>\n\n\n\n<p>Ce livre se compose de 150 labyrinthes avec les solutions en fin d\u2019ouvrage.<\/p>\n\n\n\n<p>&#8211; 150 labyrinthes<\/p>\n\n\n\n<p>&#8211; 1 par page<\/p>\n\n\n\n<p>&#8211; Des formes vari\u00e9es<\/p>\n\n\n\n<p>&#8211; Plusieurs types de dessins pour les chemins<\/p>\n\n\n\n<p>&#8211; Entr\u00e9es et sorties plac\u00e9es al\u00e9atoirement autour ou \u00e0 l&rsquo;int\u00e9rieur des labyrinthes<\/p>\n\n\n\n<p>&#8211; Solutions disponibles \u00e0 la fin du livre<\/p>\n\n\n\n<p>Il existe tellement de mots et leur nombre augmente constamment et seulement \u2026 vingt-six lettres. \u00bb<\/p>\n\n\n\n<p class=\"has-vivid-cyan-blue-color has-text-color has-link-color wp-elements-5f81de1aed8de2ebde4ad027b2315c39\"><a href=\"https:\/\/amzn.eu\/d\/0jhxyz9\">Amazon<\/a><\/p>\n\n\n\n<hr class=\"wp-block-separator has-alpha-channel-opacity\"\/>\n","protected":false},"excerpt":{"rendered":"<p>Amusez-vous \u00e0 vous perdre pendant des heures, hors du stress, des pens\u00e9es n\u00e9gatives, de l&rsquo;ennui et retrouvez le chemin du calme et de l&rsquo;amusement ! Ce livre se compose de 150 labyrinthes avec les solutions en fin d\u2019ouvrage. &#8211; 150 labyrinthes &#8211; 1 par page &#8211; Des formes vari\u00e9es &#8211; Plusieurs types de dessins pour&#8230;<\/p>\n","protected":false},"author":1,"featured_media":0,"parent":23,"menu_order":4,"comment_status":"closed","ping_status":"closed","template":"","meta":{"footnotes":""},"class_list":["post-87","page","type-page","status-publish","hentry"],"_links":{"self":[{"href":"https:\/\/www.chatmage.com\/index.php\/wp-json\/wp\/v2\/pages\/87","targetHints":{"allow":["GET"]}}],"collection":[{"href":"https:\/\/www.chatmage.com\/index.php\/wp-json\/wp\/v2\/pages"}],"about":[{"href":"https:\/\/www.chatmage.com\/index.php\/wp-json\/wp\/v2\/types\/page"}],"author":[{"embeddable":true,"href":"https:\/\/www.chatmage.com\/index.php\/wp-json\/wp\/v2\/users\/1"}],"replies":[{"embeddable":true,"href":"https:\/\/www.chatmage.com\/index.php\/wp-json\/wp\/v2\/comments?post=87"}],"version-history":[{"count":3,"href":"https:\/\/www.chatmage.com\/index.php\/wp-json\/wp\/v2\/pages\/87\/revisions"}],"predecessor-version":[{"id":147,"href":"https:\/\/www.chatmage.com\/index.php\/wp-json\/wp\/v2\/pages\/87\/revisions\/147"}],"up":[{"embeddable":true,"href":"https:\/\/www.chatmage.com\/index.php\/wp-json\/wp\/v2\/pages\/23"}],"wp:attachment":[{"href":"https:\/\/www.chatmage.com\/index.php\/wp-json\/wp\/v2\/media?parent=87"}],"curies":[{"name":"wp","href":"https:\/\/api.w.org\/{rel}","templated":true}]}}