{"id":82,"date":"2025-11-04T23:48:35","date_gmt":"2025-11-04T22:48:35","guid":{"rendered":"https:\/\/www.chatmage.com\/?page_id=82"},"modified":"2025-11-15T17:44:41","modified_gmt":"2025-11-15T16:44:41","slug":"ombre-et-lumiere-theatre","status":"publish","type":"page","link":"https:\/\/www.chatmage.com\/index.php\/livres\/ombre-et-lumiere-theatre\/","title":{"rendered":"Ombre et lumi\u00e8re : Th\u00e9\u00e2tre"},"content":{"rendered":"<div class=\"wp-block-image\">\n<figure class=\"aligncenter size-large is-resized\"><img loading=\"lazy\" decoding=\"async\" width=\"640\" height=\"1024\" src=\"http:\/\/www.chatmage.com\/wp-content\/uploads\/2025\/11\/Couverture-livre-E-book-Amazon-Piece-de-theatre-Ombre-et-lumiere-dIsabelle-Plantade-ChatMage-Octobre-2022-640x1024.jpg\" alt=\"\" class=\"wp-image-85\" style=\"width:157px;height:auto\" srcset=\"https:\/\/www.chatmage.com\/wp-content\/uploads\/2025\/11\/Couverture-livre-E-book-Amazon-Piece-de-theatre-Ombre-et-lumiere-dIsabelle-Plantade-ChatMage-Octobre-2022-640x1024.jpg 640w, https:\/\/www.chatmage.com\/wp-content\/uploads\/2025\/11\/Couverture-livre-E-book-Amazon-Piece-de-theatre-Ombre-et-lumiere-dIsabelle-Plantade-ChatMage-Octobre-2022-188x300.jpg 188w, https:\/\/www.chatmage.com\/wp-content\/uploads\/2025\/11\/Couverture-livre-E-book-Amazon-Piece-de-theatre-Ombre-et-lumiere-dIsabelle-Plantade-ChatMage-Octobre-2022-768x1229.jpg 768w, https:\/\/www.chatmage.com\/wp-content\/uploads\/2025\/11\/Couverture-livre-E-book-Amazon-Piece-de-theatre-Ombre-et-lumiere-dIsabelle-Plantade-ChatMage-Octobre-2022-960x1536.jpg 960w, https:\/\/www.chatmage.com\/wp-content\/uploads\/2025\/11\/Couverture-livre-E-book-Amazon-Piece-de-theatre-Ombre-et-lumiere-dIsabelle-Plantade-ChatMage-Octobre-2022-1280x2048.jpg 1280w, https:\/\/www.chatmage.com\/wp-content\/uploads\/2025\/11\/Couverture-livre-E-book-Amazon-Piece-de-theatre-Ombre-et-lumiere-dIsabelle-Plantade-ChatMage-Octobre-2022-300x480.jpg 300w, https:\/\/www.chatmage.com\/wp-content\/uploads\/2025\/11\/Couverture-livre-E-book-Amazon-Piece-de-theatre-Ombre-et-lumiere-dIsabelle-Plantade-ChatMage-Octobre-2022-850x1360.jpg 850w, https:\/\/www.chatmage.com\/wp-content\/uploads\/2025\/11\/Couverture-livre-E-book-Amazon-Piece-de-theatre-Ombre-et-lumiere-dIsabelle-Plantade-ChatMage-Octobre-2022.jpg 1600w\" sizes=\"auto, (max-width: 640px) 100vw, 640px\" \/><\/figure>\n<\/div>\n\n\n<p><strong>Quatri\u00e8me de couverture :<\/strong><\/p>\n\n\n\n<p><em>Ombre et lumi\u00e8re<\/em><\/p>\n\n\n\n<p><em>Pi\u00e8ce de th\u00e9\u00e2tre<\/em><\/p>\n\n\n\n<p>Un voyage situ\u00e9 entre ombre et lumi\u00e8re.<\/p>\n\n\n\n<p>Des rencontres d\u00e9concertantes. <\/p>\n\n\n\n<p>Que feriez-vous si, apr\u00e8s vous \u00eatre endormi dans votre chambre, au milieu de vos affaires, vous vous r\u00e9veilliez enferm\u00e9 dans une pi\u00e8ce vide, sans porte ni fen\u00eatre ? <\/p>\n\n\n\n<p>Oserez-vous entrer dans le livre et vivre l&rsquo;aventure de ce voyage initiatique ? <\/p>\n\n\n\n<p class=\"has-vivid-cyan-blue-color has-text-color has-link-color wp-elements-3eba6b4f31ed073d1ceb19bdaf964caf\">Actuellement indisponible<\/p>\n\n\n\n<hr class=\"wp-block-separator has-alpha-channel-opacity\"\/>\n","protected":false},"excerpt":{"rendered":"<p>Quatri\u00e8me de couverture : Ombre et lumi\u00e8re Pi\u00e8ce de th\u00e9\u00e2tre Un voyage situ\u00e9 entre ombre et lumi\u00e8re. Des rencontres d\u00e9concertantes. Que feriez-vous si, apr\u00e8s vous \u00eatre endormi dans votre chambre, au milieu de vos affaires, vous vous r\u00e9veilliez enferm\u00e9 dans une pi\u00e8ce vide, sans porte ni fen\u00eatre ? Oserez-vous entrer dans le livre et vivre&#8230;<\/p>\n","protected":false},"author":1,"featured_media":0,"parent":23,"menu_order":3,"comment_status":"closed","ping_status":"closed","template":"","meta":{"footnotes":""},"class_list":["post-82","page","type-page","status-publish","hentry"],"_links":{"self":[{"href":"https:\/\/www.chatmage.com\/index.php\/wp-json\/wp\/v2\/pages\/82","targetHints":{"allow":["GET"]}}],"collection":[{"href":"https:\/\/www.chatmage.com\/index.php\/wp-json\/wp\/v2\/pages"}],"about":[{"href":"https:\/\/www.chatmage.com\/index.php\/wp-json\/wp\/v2\/types\/page"}],"author":[{"embeddable":true,"href":"https:\/\/www.chatmage.com\/index.php\/wp-json\/wp\/v2\/users\/1"}],"replies":[{"embeddable":true,"href":"https:\/\/www.chatmage.com\/index.php\/wp-json\/wp\/v2\/comments?post=82"}],"version-history":[{"count":2,"href":"https:\/\/www.chatmage.com\/index.php\/wp-json\/wp\/v2\/pages\/82\/revisions"}],"predecessor-version":[{"id":130,"href":"https:\/\/www.chatmage.com\/index.php\/wp-json\/wp\/v2\/pages\/82\/revisions\/130"}],"up":[{"embeddable":true,"href":"https:\/\/www.chatmage.com\/index.php\/wp-json\/wp\/v2\/pages\/23"}],"wp:attachment":[{"href":"https:\/\/www.chatmage.com\/index.php\/wp-json\/wp\/v2\/media?parent=82"}],"curies":[{"name":"wp","href":"https:\/\/api.w.org\/{rel}","templated":true}]}}