{"id":73,"date":"2025-11-04T17:17:07","date_gmt":"2025-11-04T16:17:07","guid":{"rendered":"https:\/\/www.chatmage.com\/?page_id=73"},"modified":"2025-11-15T18:04:06","modified_gmt":"2025-11-15T17:04:06","slug":"accueil","status":"publish","type":"page","link":"https:\/\/www.chatmage.com\/","title":{"rendered":"Accueil"},"content":{"rendered":"\n<div style=\"height:30px\" aria-hidden=\"true\" class=\"wp-block-spacer\"><\/div>\n\n\n\n<h3 class=\"wp-block-heading has-text-align-center\">Bonjour et bienvenue sur le site de ChatMage<\/h3>\n\n\n\n<div style=\"height:30px\" aria-hidden=\"true\" class=\"wp-block-spacer\"><\/div>\n\n\n\n<p><\/p>\n\n\n\n<p class=\"has-text-align-center\">ChatMage a d\u00e9sormais un tout nouveau site.&nbsp;<\/p>\n\n\n\n<p class=\"has-text-align-center\">N\u2019h\u00e9sitez pas \u00e0 vous y promener et \u00e0 partir \u00e0 la d\u00e9couverte des livres de la maison d\u2019\u00e9dition !<\/p>\n\n\n\n<figure class=\"wp-block-gallery has-nested-images columns-default is-cropped wp-block-gallery-1 is-layout-flex wp-block-gallery-is-layout-flex\">\n<figure class=\"wp-block-image size-large\"><a href=\"http:\/\/www.chatmage.com\/index.php\/livres\/quelques-notes-dalphabet-poesie\/\"><img loading=\"lazy\" decoding=\"async\" width=\"633\" height=\"1024\" data-id=\"30\" src=\"https:\/\/www.chatmage.com\/wp-content\/uploads\/2025\/10\/DL-Quelques-notes-dalphabet-recto-633x1024.jpg\" alt=\"\" class=\"wp-image-30\" srcset=\"https:\/\/www.chatmage.com\/wp-content\/uploads\/2025\/10\/DL-Quelques-notes-dalphabet-recto-633x1024.jpg 633w, https:\/\/www.chatmage.com\/wp-content\/uploads\/2025\/10\/DL-Quelques-notes-dalphabet-recto-185x300.jpg 185w, https:\/\/www.chatmage.com\/wp-content\/uploads\/2025\/10\/DL-Quelques-notes-dalphabet-recto-768x1242.jpg 768w, https:\/\/www.chatmage.com\/wp-content\/uploads\/2025\/10\/DL-Quelques-notes-dalphabet-recto-950x1536.jpg 950w, https:\/\/www.chatmage.com\/wp-content\/uploads\/2025\/10\/DL-Quelques-notes-dalphabet-recto-1266x2048.jpg 1266w, https:\/\/www.chatmage.com\/wp-content\/uploads\/2025\/10\/DL-Quelques-notes-dalphabet-recto-300x485.jpg 300w, https:\/\/www.chatmage.com\/wp-content\/uploads\/2025\/10\/DL-Quelques-notes-dalphabet-recto-850x1375.jpg 850w, https:\/\/www.chatmage.com\/wp-content\/uploads\/2025\/10\/DL-Quelques-notes-dalphabet-recto.jpg 1479w\" sizes=\"auto, (max-width: 633px) 100vw, 633px\" \/><\/a><\/figure>\n\n\n\n<figure class=\"wp-block-image size-large\"><a href=\"http:\/\/www.chatmage.com\/index.php\/livres\/lempreinte-du-chat-nouvelles\/\"><img loading=\"lazy\" decoding=\"async\" width=\"640\" height=\"1024\" data-id=\"56\" src=\"https:\/\/www.chatmage.com\/wp-content\/uploads\/2025\/11\/Lempreinte-du-chat-d-Isabelle-Plantade-ChatMage-Couverture-ebook-640x1024.jpg\" alt=\"\" class=\"wp-image-56\" srcset=\"https:\/\/www.chatmage.com\/wp-content\/uploads\/2025\/11\/Lempreinte-du-chat-d-Isabelle-Plantade-ChatMage-Couverture-ebook-640x1024.jpg 640w, https:\/\/www.chatmage.com\/wp-content\/uploads\/2025\/11\/Lempreinte-du-chat-d-Isabelle-Plantade-ChatMage-Couverture-ebook-188x300.jpg 188w, https:\/\/www.chatmage.com\/wp-content\/uploads\/2025\/11\/Lempreinte-du-chat-d-Isabelle-Plantade-ChatMage-Couverture-ebook-768x1229.jpg 768w, https:\/\/www.chatmage.com\/wp-content\/uploads\/2025\/11\/Lempreinte-du-chat-d-Isabelle-Plantade-ChatMage-Couverture-ebook-960x1536.jpg 960w, https:\/\/www.chatmage.com\/wp-content\/uploads\/2025\/11\/Lempreinte-du-chat-d-Isabelle-Plantade-ChatMage-Couverture-ebook-1280x2048.jpg 1280w, https:\/\/www.chatmage.com\/wp-content\/uploads\/2025\/11\/Lempreinte-du-chat-d-Isabelle-Plantade-ChatMage-Couverture-ebook-300x480.jpg 300w, https:\/\/www.chatmage.com\/wp-content\/uploads\/2025\/11\/Lempreinte-du-chat-d-Isabelle-Plantade-ChatMage-Couverture-ebook-850x1360.jpg 850w, https:\/\/www.chatmage.com\/wp-content\/uploads\/2025\/11\/Lempreinte-du-chat-d-Isabelle-Plantade-ChatMage-Couverture-ebook.jpg 1600w\" sizes=\"auto, (max-width: 640px) 100vw, 640px\" \/><\/a><\/figure>\n\n\n\n<figure class=\"wp-block-image size-large\"><a href=\"http:\/\/www.chatmage.com\/index.php\/livres\/ombre-et-lumiere-theatre\/\"><img loading=\"lazy\" decoding=\"async\" width=\"640\" height=\"1024\" data-id=\"85\" src=\"https:\/\/www.chatmage.com\/wp-content\/uploads\/2025\/11\/Couverture-livre-E-book-Amazon-Piece-de-theatre-Ombre-et-lumiere-dIsabelle-Plantade-ChatMage-Octobre-2022-640x1024.jpg\" alt=\"\" class=\"wp-image-85\" srcset=\"https:\/\/www.chatmage.com\/wp-content\/uploads\/2025\/11\/Couverture-livre-E-book-Amazon-Piece-de-theatre-Ombre-et-lumiere-dIsabelle-Plantade-ChatMage-Octobre-2022-640x1024.jpg 640w, https:\/\/www.chatmage.com\/wp-content\/uploads\/2025\/11\/Couverture-livre-E-book-Amazon-Piece-de-theatre-Ombre-et-lumiere-dIsabelle-Plantade-ChatMage-Octobre-2022-188x300.jpg 188w, https:\/\/www.chatmage.com\/wp-content\/uploads\/2025\/11\/Couverture-livre-E-book-Amazon-Piece-de-theatre-Ombre-et-lumiere-dIsabelle-Plantade-ChatMage-Octobre-2022-768x1229.jpg 768w, https:\/\/www.chatmage.com\/wp-content\/uploads\/2025\/11\/Couverture-livre-E-book-Amazon-Piece-de-theatre-Ombre-et-lumiere-dIsabelle-Plantade-ChatMage-Octobre-2022-960x1536.jpg 960w, https:\/\/www.chatmage.com\/wp-content\/uploads\/2025\/11\/Couverture-livre-E-book-Amazon-Piece-de-theatre-Ombre-et-lumiere-dIsabelle-Plantade-ChatMage-Octobre-2022-1280x2048.jpg 1280w, https:\/\/www.chatmage.com\/wp-content\/uploads\/2025\/11\/Couverture-livre-E-book-Amazon-Piece-de-theatre-Ombre-et-lumiere-dIsabelle-Plantade-ChatMage-Octobre-2022-300x480.jpg 300w, https:\/\/www.chatmage.com\/wp-content\/uploads\/2025\/11\/Couverture-livre-E-book-Amazon-Piece-de-theatre-Ombre-et-lumiere-dIsabelle-Plantade-ChatMage-Octobre-2022-850x1360.jpg 850w, https:\/\/www.chatmage.com\/wp-content\/uploads\/2025\/11\/Couverture-livre-E-book-Amazon-Piece-de-theatre-Ombre-et-lumiere-dIsabelle-Plantade-ChatMage-Octobre-2022.jpg 1600w\" sizes=\"auto, (max-width: 640px) 100vw, 640px\" \/><\/a><\/figure>\n<\/figure>\n\n\n\n<figure class=\"wp-block-image size-large is-resized\"><a href=\"http:\/\/www.chatmage.com\/index.php\/livres\/150-labyrinthes-avec-solutions-labyrinthes-pour-adultes-formes-variees-livre-de-jeux-pour-adultes\/\"><img loading=\"lazy\" decoding=\"async\" width=\"796\" height=\"1024\" src=\"http:\/\/www.chatmage.com\/wp-content\/uploads\/2025\/11\/Depot-legal-Labyrinthes-Isabelle-Plantade-ChatMage-Recto-copie-796x1024.jpg\" alt=\"\" class=\"wp-image-89\" style=\"width:255px;height:auto\" srcset=\"https:\/\/www.chatmage.com\/wp-content\/uploads\/2025\/11\/Depot-legal-Labyrinthes-Isabelle-Plantade-ChatMage-Recto-copie-796x1024.jpg 796w, https:\/\/www.chatmage.com\/wp-content\/uploads\/2025\/11\/Depot-legal-Labyrinthes-Isabelle-Plantade-ChatMage-Recto-copie-233x300.jpg 233w, https:\/\/www.chatmage.com\/wp-content\/uploads\/2025\/11\/Depot-legal-Labyrinthes-Isabelle-Plantade-ChatMage-Recto-copie-768x987.jpg 768w, https:\/\/www.chatmage.com\/wp-content\/uploads\/2025\/11\/Depot-legal-Labyrinthes-Isabelle-Plantade-ChatMage-Recto-copie-1195x1536.jpg 1195w, https:\/\/www.chatmage.com\/wp-content\/uploads\/2025\/11\/Depot-legal-Labyrinthes-Isabelle-Plantade-ChatMage-Recto-copie-1593x2048.jpg 1593w, https:\/\/www.chatmage.com\/wp-content\/uploads\/2025\/11\/Depot-legal-Labyrinthes-Isabelle-Plantade-ChatMage-Recto-copie-300x386.jpg 300w, https:\/\/www.chatmage.com\/wp-content\/uploads\/2025\/11\/Depot-legal-Labyrinthes-Isabelle-Plantade-ChatMage-Recto-copie-850x1093.jpg 850w, https:\/\/www.chatmage.com\/wp-content\/uploads\/2025\/11\/Depot-legal-Labyrinthes-Isabelle-Plantade-ChatMage-Recto-copie-scaled.jpg 1991w\" sizes=\"auto, (max-width: 796px) 100vw, 796px\" \/><\/a><\/figure>\n","protected":false},"excerpt":{"rendered":"<p>Bonjour et bienvenue sur le site de ChatMage ChatMage a d\u00e9sormais un tout nouveau site.&nbsp; N\u2019h\u00e9sitez pas \u00e0 vous y promener et \u00e0 partir \u00e0 la d\u00e9couverte des livres de la maison d\u2019\u00e9dition !<\/p>\n","protected":false},"author":1,"featured_media":0,"parent":0,"menu_order":0,"comment_status":"closed","ping_status":"closed","template":"","meta":{"footnotes":""},"class_list":["post-73","page","type-page","status-publish","hentry"],"_links":{"self":[{"href":"https:\/\/www.chatmage.com\/index.php\/wp-json\/wp\/v2\/pages\/73","targetHints":{"allow":["GET"]}}],"collection":[{"href":"https:\/\/www.chatmage.com\/index.php\/wp-json\/wp\/v2\/pages"}],"about":[{"href":"https:\/\/www.chatmage.com\/index.php\/wp-json\/wp\/v2\/types\/page"}],"author":[{"embeddable":true,"href":"https:\/\/www.chatmage.com\/index.php\/wp-json\/wp\/v2\/users\/1"}],"replies":[{"embeddable":true,"href":"https:\/\/www.chatmage.com\/index.php\/wp-json\/wp\/v2\/comments?post=73"}],"version-history":[{"count":12,"href":"https:\/\/www.chatmage.com\/index.php\/wp-json\/wp\/v2\/pages\/73\/revisions"}],"predecessor-version":[{"id":146,"href":"https:\/\/www.chatmage.com\/index.php\/wp-json\/wp\/v2\/pages\/73\/revisions\/146"}],"wp:attachment":[{"href":"https:\/\/www.chatmage.com\/index.php\/wp-json\/wp\/v2\/media?parent=73"}],"curies":[{"name":"wp","href":"https:\/\/api.w.org\/{rel}","templated":true}]}}