{"id":64,"date":"2025-11-04T16:47:41","date_gmt":"2025-11-04T15:47:41","guid":{"rendered":"https:\/\/www.chatmage.com\/?page_id=64"},"modified":"2025-11-15T17:42:50","modified_gmt":"2025-11-15T16:42:50","slug":"quelques-notes-dalphabet-poesie","status":"publish","type":"page","link":"https:\/\/www.chatmage.com\/index.php\/livres\/quelques-notes-dalphabet-poesie\/","title":{"rendered":"Quelques notes d&rsquo;alphabet : Po\u00e9sie"},"content":{"rendered":"<div class=\"wp-block-image\">\n<figure class=\"aligncenter size-large is-resized\"><img loading=\"lazy\" decoding=\"async\" width=\"633\" height=\"1024\" src=\"http:\/\/www.chatmage.com\/wp-content\/uploads\/2025\/10\/DL-Quelques-notes-dalphabet-recto-633x1024.jpg\" alt=\"\" class=\"wp-image-30\" style=\"width:169px;height:auto\" srcset=\"https:\/\/www.chatmage.com\/wp-content\/uploads\/2025\/10\/DL-Quelques-notes-dalphabet-recto-633x1024.jpg 633w, https:\/\/www.chatmage.com\/wp-content\/uploads\/2025\/10\/DL-Quelques-notes-dalphabet-recto-185x300.jpg 185w, https:\/\/www.chatmage.com\/wp-content\/uploads\/2025\/10\/DL-Quelques-notes-dalphabet-recto-768x1242.jpg 768w, https:\/\/www.chatmage.com\/wp-content\/uploads\/2025\/10\/DL-Quelques-notes-dalphabet-recto-950x1536.jpg 950w, https:\/\/www.chatmage.com\/wp-content\/uploads\/2025\/10\/DL-Quelques-notes-dalphabet-recto-1266x2048.jpg 1266w, https:\/\/www.chatmage.com\/wp-content\/uploads\/2025\/10\/DL-Quelques-notes-dalphabet-recto-300x485.jpg 300w, https:\/\/www.chatmage.com\/wp-content\/uploads\/2025\/10\/DL-Quelques-notes-dalphabet-recto-850x1375.jpg 850w, https:\/\/www.chatmage.com\/wp-content\/uploads\/2025\/10\/DL-Quelques-notes-dalphabet-recto.jpg 1479w\" sizes=\"auto, (max-width: 633px) 100vw, 633px\" \/><\/figure>\n<\/div>\n\n\n<p><strong>Quatri\u00e8me de couverture :<\/strong><\/p>\n\n\n\n<div class=\"wp-block-group\"><div class=\"wp-block-group__inner-container is-layout-constrained wp-block-group-is-layout-constrained\">\n<p><br><em>Quelques notes d&rsquo;alphabet<\/em><\/p>\n\n\n\n<p><br><em>Recueil de po\u00e8mes<\/em><br><br>\u00ab \u00c0 ceux qui me disent,<\/p>\n\n\n\n<p>Sur le ton du secret,<\/p>\n\n\n\n<p>Qu\u2019il faut fermer les yeux<\/p>\n\n\n\n<p>Pour pouvoir r\u00eaver;<\/p>\n\n\n\n<p>Je r\u00e9ponds qu\u2019au contraire,<\/p>\n\n\n\n<p>C\u2019est en gardant les yeux ouverts<\/p>\n\n\n\n<p>Que j\u2019invite cet acte n\u00e9cessaire. \u00bb<\/p>\n\n\n\n<p><\/p>\n<\/div><\/div>\n\n\n\n<p class=\"has-vivid-cyan-blue-color has-text-color has-link-color wp-elements-f86d691515714944694198fd9d092173\"><a href=\"https:\/\/amzn.eu\/d\/4BjA2Ov\">Amazon<\/a><\/p>\n\n\n\n<hr class=\"wp-block-separator has-alpha-channel-opacity\"\/>\n\n\n\n<p><strong>Description du livre :&nbsp;<\/strong><br><br><em>Po\u00e9sie<\/em><br><br>Ce recueil est une promenade parmi quelques notes d\u2019alphabet, r\u00e9parties en plus de trente po\u00e8mes aux th\u00e8mes vari\u00e9s.<\/p>\n\n\n\n<p>Les po\u00e8mes pr\u00e9sents dans ce recueil sont les suivants :<br><br>&#8211; Grand-m\u00e8re et mamie d&rsquo;antan<br>&#8211; La petite fille aux cheveux blancs<br>&#8211; Le vide-greniers<br>&#8211; Les saisons de la vie<br>&#8211; Ch\u00e8re amie<br>&#8211; Que garde-t-on ?<br>&#8211; Le pass\u00e9 de l&rsquo;\u00e9ternit\u00e9<br>&#8211; Notre-Dame de Paris<br>&#8211; L&rsquo;artiste<br>&#8211; La Dame bleue<br>&#8211; Halloween<br>&#8211; No\u00ebl<br>&#8211; Maison d&rsquo;enfance<br>&#8211; La chemin\u00e9e<br>&#8211; C&rsquo;est un livre<br>&#8211; La librairie<br>&#8211; SOS d&rsquo;une plan\u00e8te en d\u00e9tresse<br>&#8211; Humaine Nature<br>&#8211; Suicide programm\u00e9<br>&#8211; Assassin<br>&#8211; La pluie<br>&#8211; L&rsquo;orage<br>&#8211; Tauromachie : \u00e0 mort ! (contre la tauromachie)<br>&#8211; La ville<br>&#8211; Entour\u00e9 de solitude<br>&#8211; Seconde chance<br>&#8211; La statue<br>&#8211; Obscurit\u00e9<br>&#8211; La lune est amoureuse<br>&#8211; La lune a souri puis elle est partie<br>&#8211; Le chat<br><br>Bonne lecture !<\/p>\n\n\n\n<p class=\"has-vivid-cyan-blue-color has-text-color has-link-color wp-elements-3199217638b52910ff2afabc45636046\"><a href=\"https:\/\/amzn.eu\/d\/7TKf98X\">Amazon<\/a><\/p>\n","protected":false},"excerpt":{"rendered":"<p>Quatri\u00e8me de couverture : Quelques notes d&rsquo;alphabet Recueil de po\u00e8mes \u00ab \u00c0 ceux qui me disent, Sur le ton du secret, Qu\u2019il faut fermer les yeux Pour pouvoir r\u00eaver; Je r\u00e9ponds qu\u2019au contraire, C\u2019est en gardant les yeux ouverts Que j\u2019invite cet acte n\u00e9cessaire. \u00bb Amazon Description du livre :&nbsp; Po\u00e9sie Ce recueil est une&#8230;<\/p>\n","protected":false},"author":1,"featured_media":0,"parent":23,"menu_order":1,"comment_status":"closed","ping_status":"closed","template":"","meta":{"footnotes":""},"class_list":["post-64","page","type-page","status-publish","hentry"],"_links":{"self":[{"href":"https:\/\/www.chatmage.com\/index.php\/wp-json\/wp\/v2\/pages\/64","targetHints":{"allow":["GET"]}}],"collection":[{"href":"https:\/\/www.chatmage.com\/index.php\/wp-json\/wp\/v2\/pages"}],"about":[{"href":"https:\/\/www.chatmage.com\/index.php\/wp-json\/wp\/v2\/types\/page"}],"author":[{"embeddable":true,"href":"https:\/\/www.chatmage.com\/index.php\/wp-json\/wp\/v2\/users\/1"}],"replies":[{"embeddable":true,"href":"https:\/\/www.chatmage.com\/index.php\/wp-json\/wp\/v2\/comments?post=64"}],"version-history":[{"count":4,"href":"https:\/\/www.chatmage.com\/index.php\/wp-json\/wp\/v2\/pages\/64\/revisions"}],"predecessor-version":[{"id":128,"href":"https:\/\/www.chatmage.com\/index.php\/wp-json\/wp\/v2\/pages\/64\/revisions\/128"}],"up":[{"embeddable":true,"href":"https:\/\/www.chatmage.com\/index.php\/wp-json\/wp\/v2\/pages\/23"}],"wp:attachment":[{"href":"https:\/\/www.chatmage.com\/index.php\/wp-json\/wp\/v2\/media?parent=64"}],"curies":[{"name":"wp","href":"https:\/\/api.w.org\/{rel}","templated":true}]}}