{"id":58,"date":"2025-11-04T16:37:27","date_gmt":"2025-11-04T15:37:27","guid":{"rendered":"https:\/\/www.chatmage.com\/?page_id=58"},"modified":"2025-11-15T17:44:00","modified_gmt":"2025-11-15T16:44:00","slug":"lempreinte-du-chat-nouvelles","status":"publish","type":"page","link":"https:\/\/www.chatmage.com\/index.php\/livres\/lempreinte-du-chat-nouvelles\/","title":{"rendered":"L\u2019empreinte du chat : Nouvelles"},"content":{"rendered":"<div class=\"wp-block-image\">\n<figure class=\"aligncenter size-large is-resized\"><img loading=\"lazy\" decoding=\"async\" width=\"640\" height=\"1024\" src=\"http:\/\/www.chatmage.com\/wp-content\/uploads\/2025\/11\/Lempreinte-du-chat-d-Isabelle-Plantade-ChatMage-Couverture-ebook-640x1024.jpg\" alt=\"\" class=\"wp-image-56\" style=\"width:159px;height:auto\" srcset=\"https:\/\/www.chatmage.com\/wp-content\/uploads\/2025\/11\/Lempreinte-du-chat-d-Isabelle-Plantade-ChatMage-Couverture-ebook-640x1024.jpg 640w, https:\/\/www.chatmage.com\/wp-content\/uploads\/2025\/11\/Lempreinte-du-chat-d-Isabelle-Plantade-ChatMage-Couverture-ebook-188x300.jpg 188w, https:\/\/www.chatmage.com\/wp-content\/uploads\/2025\/11\/Lempreinte-du-chat-d-Isabelle-Plantade-ChatMage-Couverture-ebook-768x1229.jpg 768w, https:\/\/www.chatmage.com\/wp-content\/uploads\/2025\/11\/Lempreinte-du-chat-d-Isabelle-Plantade-ChatMage-Couverture-ebook-960x1536.jpg 960w, https:\/\/www.chatmage.com\/wp-content\/uploads\/2025\/11\/Lempreinte-du-chat-d-Isabelle-Plantade-ChatMage-Couverture-ebook-1280x2048.jpg 1280w, https:\/\/www.chatmage.com\/wp-content\/uploads\/2025\/11\/Lempreinte-du-chat-d-Isabelle-Plantade-ChatMage-Couverture-ebook-300x480.jpg 300w, https:\/\/www.chatmage.com\/wp-content\/uploads\/2025\/11\/Lempreinte-du-chat-d-Isabelle-Plantade-ChatMage-Couverture-ebook-850x1360.jpg 850w, https:\/\/www.chatmage.com\/wp-content\/uploads\/2025\/11\/Lempreinte-du-chat-d-Isabelle-Plantade-ChatMage-Couverture-ebook.jpg 1600w\" sizes=\"auto, (max-width: 640px) 100vw, 640px\" \/><\/figure>\n<\/div>\n\n\n<p><strong>Quatri\u00e8me de couverture :<\/strong><\/p>\n\n\n\n<p><em>L\u2019empreinte du chat<\/em><\/p>\n\n\n\n<p><em>Recueil de nouvelles<\/em><\/p>\n\n\n\n<p>\u00ab Les petites notes cr\u00e9ent en prose ou po\u00e9sie, des rythmes et des rimes. Elles dansent et s\u2019associent, \u00e0 l\u2019oral comme \u00e0 l\u2019\u00e9crit. Elles jouent avec les sons pour faire du langage une chanson.<\/p>\n\n\n\n<p>Il existe tellement de mots et leur nombre augmente constamment et seulement \u2026 vingt-six lettres. \u00bb<\/p>\n\n\n\n<p class=\"has-vivid-cyan-blue-color has-text-color has-link-color wp-elements-32d7caf560d2bc8748e6418a7f0bf333\"><a href=\"https:\/\/amzn.eu\/d\/4PGu3ua\">Amazon<\/a><\/p>\n\n\n\n<hr class=\"wp-block-separator has-alpha-channel-opacity\"\/>\n\n\n\n<p><strong>Description du livre :&nbsp;<\/strong><\/p>\n\n\n\n<p>L\u2019empreinte du chat est un recueil de plus de vingt nouvelles aux sujets diversifi\u00e9s, joyeux et l\u00e9gers ou un peu plus sombres. Ces histoires nous parlent surtout de la vie, de bonheurs simples, de petites et grandes aventures, de moments ordinaires tout en \u00e9tant exceptionnels. On y croise surtout des \u00eatres humains et parfois les empreintes, entre autres, de quelques f\u00e9lins.<br><br>Les nouvelles pr\u00e9sentes dans ce recueil sont les suivantes :<br><br>&#8211; Le mus\u00e9e endormi<br>&#8211; Je ne t&rsquo;oublie pas<br>&#8211; Le r\u00e9veil<br>&#8211; Beaut\u00e9 divine !<br>&#8211; Apprendre<br>&#8211; Terre \u00e0 terre : L&rsquo;herbe verte<br>&#8211; Au secours, les vacances reviennent !<br>&#8211; Le retour de Pollux<br>&#8211; La famille<br>&#8211; Adieu r\u00eave !<br>&#8211; La m\u00e9moire des mots<br>&#8211; Folie ordinaire<br>&#8211; Potion magique pour \u00e9crire une carte postale, une lettre, un po\u00e8me&#8230;<br>&#8211; Au revoir<br>&#8211; Solitude accompagn\u00e9e<br>&#8211; Infini<br>&#8211; Le guerrier<br>&#8211; Une rencontre inattendue<br>&#8211; L&rsquo;h\u00e9ritage de la m\u00e9moire<br>&#8211; Double je<br>&#8211; Alphabet<\/p>\n\n\n\n<p>Bonne lecture !<\/p>\n\n\n\n<p class=\"has-vivid-cyan-blue-color has-text-color has-link-color wp-elements-32d7caf560d2bc8748e6418a7f0bf333\"><a href=\"https:\/\/amzn.eu\/d\/4PGu3ua\">Amazon<\/a><\/p>\n","protected":false},"excerpt":{"rendered":"<p>Quatri\u00e8me de couverture : L\u2019empreinte du chat Recueil de nouvelles \u00ab Les petites notes cr\u00e9ent en prose ou po\u00e9sie, des rythmes et des rimes. Elles dansent et s\u2019associent, \u00e0 l\u2019oral comme \u00e0 l\u2019\u00e9crit. Elles jouent avec les sons pour faire du langage une chanson. Il existe tellement de mots et leur nombre augmente constamment et&#8230;<\/p>\n","protected":false},"author":1,"featured_media":0,"parent":23,"menu_order":2,"comment_status":"closed","ping_status":"closed","template":"","meta":{"footnotes":""},"class_list":["post-58","page","type-page","status-publish","hentry"],"_links":{"self":[{"href":"https:\/\/www.chatmage.com\/index.php\/wp-json\/wp\/v2\/pages\/58","targetHints":{"allow":["GET"]}}],"collection":[{"href":"https:\/\/www.chatmage.com\/index.php\/wp-json\/wp\/v2\/pages"}],"about":[{"href":"https:\/\/www.chatmage.com\/index.php\/wp-json\/wp\/v2\/types\/page"}],"author":[{"embeddable":true,"href":"https:\/\/www.chatmage.com\/index.php\/wp-json\/wp\/v2\/users\/1"}],"replies":[{"embeddable":true,"href":"https:\/\/www.chatmage.com\/index.php\/wp-json\/wp\/v2\/comments?post=58"}],"version-history":[{"count":4,"href":"https:\/\/www.chatmage.com\/index.php\/wp-json\/wp\/v2\/pages\/58\/revisions"}],"predecessor-version":[{"id":129,"href":"https:\/\/www.chatmage.com\/index.php\/wp-json\/wp\/v2\/pages\/58\/revisions\/129"}],"up":[{"embeddable":true,"href":"https:\/\/www.chatmage.com\/index.php\/wp-json\/wp\/v2\/pages\/23"}],"wp:attachment":[{"href":"https:\/\/www.chatmage.com\/index.php\/wp-json\/wp\/v2\/media?parent=58"}],"curies":[{"name":"wp","href":"https:\/\/api.w.org\/{rel}","templated":true}]}}