{"id":2,"date":"2025-10-27T17:32:35","date_gmt":"2025-10-27T17:32:35","guid":{"rendered":"http:\/\/www.chatmage.com\/?page_id=2"},"modified":"2025-10-30T20:56:35","modified_gmt":"2025-10-30T19:56:35","slug":"sample-page","status":"publish","type":"page","link":"https:\/\/www.chatmage.com\/index.php\/sample-page\/","title":{"rendered":"\u00c0 propos"},"content":{"rendered":"\n<h2 class=\"wp-block-heading\">Qui est ChatMage ? <\/h2>\n\n\n\n<blockquote class=\"wp-block-quote is-layout-flow wp-block-quote-is-layout-flow\">\n<p>Bonjour et bienvenue,<\/p>\n\n\n\n<p>ChatMage est un chat. Si vous ne le connaissez pas encore, il voyage d\u00e9j\u00e0 sur internet et il n\u2019y a pas si longtemps, il aimait vivre des aventures sur diff\u00e9rents objets, notamment des articles de papeterie comme, par exemple, des cartes postales.&nbsp;<\/p>\n\n\n\n<p>Depuis toujours, il aime \u00e9galement se promener dans les livres, en secret, et r\u00e9cemment, il a d\u00e9cid\u00e9 de vous proposer de l\u2019accompagner. C\u2019est d\u2019ailleurs lui qui s\u2019occupe de l\u2019illustration de la couverture des livres.<\/p>\n\n\n\n<p>Et si nous explorions les secrets, les beaut\u00e9s, les \u00e9nigmes, l\u2019histoire de la langue fran\u00e7aise, de l\u2019\u00e9criture en g\u00e9n\u00e9ral et sous toutes ses formes, des livres, des biblioth\u00e8ques. N\u2019oublions pas, bien s\u00fbr, nos amis f\u00e9lins, la nature, et mille autres choses encore, comme l\u2019artisanat ou le pass\u00e9 et ses myst\u00e8res. Quels objets faisaient partie du quotidien de nos anc\u00eatres, de nos \u00e9crivains et les entouraient quand ils imaginaient leurs personnages et histoires ? Comment fonctionnaient ces objets ? Quels \u00e9taient les traditions et les passe-temps ?&nbsp;<\/p>\n\n\n\n<p>Nous verrons bien o\u00f9 nous emm\u00e8nera notre promenade. Amusons-nous et partons \u00e0 l\u2019aventure !&nbsp;<\/p>\n\n\n\n<p>Amicalement,&nbsp;<\/p>\n\n\n\n<p>Isabelle<\/p>\n\n\n\n<p><\/p>\n\n\n\n<p>* ChatMage est une marque d\u00e9pos\u00e9e<\/p>\n<\/blockquote>\n\n\n\n<div style=\"height:100px\" aria-hidden=\"true\" class=\"wp-block-spacer\"><\/div>\n\n\n\n<h2 class=\"wp-block-heading\">Pourquoi avoir choisi le nom \u00ab\u00a0ChatMage\u00a0\u00bb ? <\/h2>\n\n\n\n<blockquote class=\"wp-block-quote is-layout-flow wp-block-quote-is-layout-flow\">\n<p class=\"has-text-align-left\">Le chat est le personnage principal de ChatMage. Il \u00e9tait donc tout naturel qu\u2019il s\u2019invite \u00e9galement dans le nom. Un mage pratique la magie et ces petits f\u00e9lins la pratiquent de fa\u00e7on inn\u00e9e en apportant spontan\u00e9ment joie, \u00e9merveillement, tendresse, \u00e9l\u00e9gance, beaut\u00e9, \u2026 est-il n\u00e9cessaire de continuer cette liste ?<\/p>\n<\/blockquote>\n\n\n\n<p><\/p>\n\n\n\n<p><\/p>\n","protected":false},"excerpt":{"rendered":"<p>Qui est ChatMage ? Bonjour et bienvenue, ChatMage est un chat. Si vous ne le connaissez pas encore, il voyage d\u00e9j\u00e0 sur internet et il n\u2019y a pas si longtemps, il aimait vivre des aventures sur diff\u00e9rents objets, notamment des articles de papeterie comme, par exemple, des cartes postales.&nbsp; Depuis toujours, il aime \u00e9galement se&#8230;<\/p>\n","protected":false},"author":1,"featured_media":0,"parent":0,"menu_order":1,"comment_status":"closed","ping_status":"closed","template":"","meta":{"footnotes":""},"class_list":["post-2","page","type-page","status-publish","hentry"],"_links":{"self":[{"href":"https:\/\/www.chatmage.com\/index.php\/wp-json\/wp\/v2\/pages\/2","targetHints":{"allow":["GET"]}}],"collection":[{"href":"https:\/\/www.chatmage.com\/index.php\/wp-json\/wp\/v2\/pages"}],"about":[{"href":"https:\/\/www.chatmage.com\/index.php\/wp-json\/wp\/v2\/types\/page"}],"author":[{"embeddable":true,"href":"https:\/\/www.chatmage.com\/index.php\/wp-json\/wp\/v2\/users\/1"}],"replies":[{"embeddable":true,"href":"https:\/\/www.chatmage.com\/index.php\/wp-json\/wp\/v2\/comments?post=2"}],"version-history":[{"count":8,"href":"https:\/\/www.chatmage.com\/index.php\/wp-json\/wp\/v2\/pages\/2\/revisions"}],"predecessor-version":[{"id":48,"href":"https:\/\/www.chatmage.com\/index.php\/wp-json\/wp\/v2\/pages\/2\/revisions\/48"}],"wp:attachment":[{"href":"https:\/\/www.chatmage.com\/index.php\/wp-json\/wp\/v2\/media?parent=2"}],"curies":[{"name":"wp","href":"https:\/\/api.w.org\/{rel}","templated":true}]}}